{"id":513,"date":"2017-01-11T08:10:44","date_gmt":"2017-01-11T07:10:44","guid":{"rendered":"https:\/\/www.projekt-mida.de\/index.php\/impressum\/"},"modified":"2025-12-11T10:27:23","modified_gmt":"2025-12-11T09:27:23","slug":"impressum","status":"publish","type":"page","link":"https:\/\/www.projekt-mida.de\/en\/impressum\/","title":{"rendered":"Impressum"},"content":{"rendered":"<h5><a href=\"https:\/\/www.projekt-mida.de\/impressum\/datenschutz\/\">Datenschutzverordnung<\/a><\/h5>\n<h5><a href=\"https:\/\/www.projekt-mida.de\/en\/impressum\/imagecredits\/\">Bildnachweise<\/a><\/h5>\n<hr>\n<p><em>projekt-mida.de<\/em> ist die Home\u00adpage des DFG-Langfristvorhabens Das mod\u00aderne Indi\u00aden in deutschen Archiv\u00aden 1706\u20131989 \/ Cen\u00adtre for Mod\u00adern Indi\u00adan Stud\u00adies, Georg-August-Uni\u00adver\u00adsit\u00e4t G\u00f6ttingen.<\/p>\n<p><strong>Anbi\u00adeter<\/strong><br>\nCen\u00adtre for Mod\u00adern Indi\u00adan Studies<br>\nGeorg-August-Uni\u00adver\u00adsit\u00e4t G\u00f6ttingen<br>\nWald\u00adweg&nbsp;26<br>\n37073 G\u00f6ttingen<\/p>\n<p>Die Georg-August-Uni\u00adver\u00adsit\u00e4t G\u00f6t\u00adtin\u00adgen ist eine K\u00f6r\u00adper\u00adschaft des \u00f6ffentlichen Rechts. Sie wird durch den Pr\u00e4si\u00adden\u00adten Prof. Dr. Axel Sch\u00f6lmerich geset\u00adzlich vertreten.<\/p>\n<p><strong>Zust\u00e4ndi\u00adge Aufsichtsbeh\u00f6rde<\/strong><br>\nGeorg-August-Uni\u00adver\u00adsit\u00e4t G\u00f6t\u00adtin\u00adgen Stiftung \u00d6ffentlichen Rechts<br>\nStiftungsauss\u00adchuss Uni\u00adver\u00adsit\u00e4t (\u00a7\u00a7 59 Abs. 2, 60 Abs. 2 Satz 2 Nr. 7, 60 a Abs. 1&nbsp;<span class=\"caps\">NHG<\/span>)<br>\nWil\u00adhelm\u00adsplatz 1<br>\n37073 G\u00f6ttingen<\/p>\n<p><strong>Kon\u00adtakt<\/strong><br>\nTele\u00adfon: <span data-olk-copy-source=\"MessageBody\">+49 (0)551 39&nbsp;28951<\/span><br>\nE\u2011Mail martin.christof-fuechsle@cemis.uni-goettingen.de<\/p>\n<p><strong>Tech\u00adnis\u00adche Betreuung<\/strong><br>\nSer\u00advicezen\u00adtrum eSciences der Uni\u00adver\u00adsit\u00e4t&nbsp;Trier<br>\nE\u2011Mail: esciences@uni-trier.de<\/p>\n<p><strong>Inhaltliche Betreu\u00adung<\/strong><br>\nCen\u00adtre for Mod\u00adern Indi\u00adan Stud\u00adies, Georg-August-Uni\u00adver\u00adsit\u00e4t G\u00f6ttingen<br>\nE\u2011Mail: cemis@uni-goettingen.de<\/p>\n<p><strong>Logo<br>\n<\/strong>Das MIDA-Logo wurde ent\u00adwor\u00adfen und uns fre\u00adundlicher\u00adweise zu Ver\u00adf\u00fc\u00adgung gestellt von:<br>\nJan&nbsp;Suski<br>\nPark\u00adstrasse 24<br>\n13187 Berlin<br>\nTel.: 03040049689; 01602455764<br>\nEmail: jacosu@t\u2011online.de; j.suski-cartoon@t\u2011online.de<br>\nwww.jacosu-cartoon.de<\/p>\n<p><strong>Dis\u00adclaimer<\/strong><br>\n<strong>Haf\u00adtung f\u00fcr Inhalte<\/strong><br>\nDie Inhalte der Seit\u00aden wur\u00adden mit gr\u00f6\u00dfter Sorgfalt erstellt. F\u00fcr die Richtigkeit, Voll\u00adst\u00e4ndigkeit und Aktu\u00adal\u00adit\u00e4t der Inhalte wird jedoch keine Gew\u00e4hr \u00fcber\u00adnom\u00admen. Als Dien\u00adstean\u00adbi\u00adeter ist die Uni\u00adver\u00adsit\u00e4t G\u00f6t\u00adtin\u00adgen gem\u00e4\u00df \u00a7 7 Abs.1 <span class=\"caps\">TMG<\/span> f\u00fcr eigene Inhalte auf diesen Seit\u00aden nach den all\u00adge\u00admeinen Geset\u00adzen ver\u00adant\u00adwortlich. Nach \u00a7\u00a7 8 bis 10 <span class=\"caps\">TMG<\/span> ist sie als Dien\u00adstean\u00adbi\u00adeter jedoch nicht verpflichtet, \u00fcber\u00admit\u00adtelte oder gespe\u00adicherte fremde Infor\u00adma\u00adtio\u00adnen zu \u00fcberwachen oder nach Umst\u00e4n\u00adden zu forschen, die auf eine rechtswidrige T\u00e4tigkeit hin\u00adweisen. Verpflich\u00adtun\u00adgen zur Ent\u00adfer\u00adnung oder Sper\u00adrung der Nutzung von Infor\u00adma\u00adtio\u00adnen nach den all\u00adge\u00admeinen Geset\u00adzen bleiben hier\u00advon unber\u00fchrt. Eine dies\u00adbez\u00fcgliche Haf\u00adtung ist jedoch erst ab dem Zeit\u00adpunkt der Ken\u00adnt\u00adnis ein\u00ader konkreten Rechtsver\u00adlet\u00adzung m\u00f6glich. Bei Bekan\u00adntwer\u00adden von entsprechen\u00adden Rechtsver\u00adlet\u00adzun\u00adgen wer\u00adden diese Inhalte umge\u00adhend entfernt.<br>\nF\u00fcr Sch\u00e4\u00adden materieller oder imma\u00adterieller Art, die durch die Nutzung oder Nicht\u00adnutzung der darge\u00adbote\u00adnen Infor\u00adma\u00adtio\u00adnen unmit\u00adtel\u00adbar oder mit\u00adtel\u00adbar verur\u00adsacht wer\u00adden, haftet die Uni\u00adver\u00adsit\u00e4t G\u00f6t\u00adtin\u00adgen nicht, sofern ihr nicht vors\u00e4t\u00adzlich\u00ades oder grob fahrl\u00e4s\u00adsiges Ver\u00adschulden ange\u00adlastet wer\u00adden&nbsp;kann.<br>\nDie Uni\u00adver\u00adsit\u00e4t G\u00f6t\u00adtin\u00adgen beh\u00e4lt es sich vor, Teile des Inter\u00adnet-Ange\u00adbots oder das gesamte Ange\u00adbot ohne Vorank\u00fcndi\u00adgung zu ver\u00e4n\u00addern, zu erg\u00e4nzen, zu l\u00f6schen oder die Ver\u00f6f\u00adfentlichung zeitweise oder endg\u00fcltig aus dem Inter\u00adnet zu entfernen.<\/p>\n<p><strong>Haf\u00adtung f\u00fcr&nbsp;Links<\/strong><br>\nDas Ange\u00adbot der Uni\u00adver\u00adsit\u00e4t G\u00f6t\u00adtin\u00adgen enth\u00e4lt direk\u00adte oder indi\u00adrek\u00adte Verkn\u00fcp\u00adfun\u00adgen bzw. Ver\u00adlinkun\u00adgen zu exter\u00adnen Web\u00adseit\u00aden Drit\u00adter, auf deren Inhalte die Uni\u00adver\u00adsit\u00e4t G\u00f6t\u00adtin\u00adgen keinen Ein\u00adfluss hat. Die Ver\u00adant\u00adwortlichkeit f\u00fcr diese frem\u00adden Inhalte liegt bei der\/dem jew\u00adeili\u00adgen Anbieter\/in oder Betreiber\/in der Web\u00adseit\u00aden. Die Uni\u00adver\u00adsit\u00e4t G\u00f6t\u00adtin\u00adgen hat keine Ken\u00adnt\u00adnis \u00fcber rechtswidrige oder anst\u00f6\u00dfige Inhalte auf den mit ihrer Inter\u00adnet\u00adpr\u00e4senz ver\u00adbun\u00adde\u00adnen Web\u00adseit\u00aden fremder Anbi\u00adeter. Zum Zeit\u00adpunkt der jew\u00adeili\u00adgen Ver\u00adlinkung dieser Web\u00adseit\u00aden wurde eine \u00dcber\u00adpr\u00fc\u00adfung auf m\u00f6gliche Rechtsver\u00adst\u00f6\u00dfe vorgenom\u00admen, wobei in diesem Zusam\u00admen\u00adhang keine rechtswidri\u00adgen oder anst\u00f6\u00dfi\u00adgen Inhalte erkennbar waren. Soll\u00adten auf den ver\u00adlink\u00adten Seit\u00aden fremder Anbi\u00adeter rechtswidrige oder anst\u00f6\u00dfige Inhalte enthal\u00adten sein, dis\u00adtanziert sich die Uni\u00adver\u00adsit\u00e4t G\u00f6t\u00adtin\u00adgen aus\u00addr\u00fcck\u00adlich von diesen Inhal\u00adten und wird die jew\u00adeilige Ver\u00adlinkung bei Bekan\u00adntwer\u00adden unverz\u00fcglich entfernen.<\/p>\n<p><strong>Urhe\u00adber\u00adrecht<\/strong><br>\nDie durch die Seit\u00aden\u00adbe\u00adtreiber erstell\u00adten Inhalte und Werke auf diesen Seit\u00aden unter\u00adliegen dem deutschen Urhe\u00adber\u00adrecht. Die Vervielf\u00e4l\u00adti\u00adgung, Bear\u00adbeitung, Ver\u00adbre\u00aditung und jede Art der Ver\u00adw\u00ader\u00adtung au\u00dfer\u00adhalb der Gren\u00adzen des Urhe\u00adber\u00adrecht\u00ades bed\u00fcr\u00adfen der schriftlichen Zus\u00adtim\u00admung des jew\u00adeili\u00adgen Autors bzw. Erstellers. Down\u00adloads und Kopi\u00aden dieser Seite sind nur f\u00fcr den pri\u00advat\u00aden, akademis\u00adchen und nicht kom\u00admerziellen Gebrauch ges\u00adtat\u00adtet. Soweit die Inhalte auf dieser Seite nicht vom Betreiber erstellt wur\u00adden, wer\u00adden die Urhe\u00adber\u00adrechte Drit\u00adter beachtet. Ins\u00adbeson\u00addere wer\u00adden Inhalte Drit\u00adter als solche gekennze\u00adich\u00adnet. Soll\u00adten Sie trotz\u00addem auf eine Urhe\u00adber\u00adrechtsver\u00adlet\u00adzung aufmerk\u00adsam wer\u00adden, bit\u00adten wir um einen entsprechen\u00adden Hin\u00adweis. Bei Bekan\u00adntwer\u00adden von Rechtsver\u00adlet\u00adzun\u00adgen wer\u00adden wir der\u00adar\u00adtige Inhalte umge\u00adhend entfernen.<\/p>\n<p><strong>Daten\u00adschutz<\/strong><br>\nDie Nutzung unser\u00ader Web\u00adseite ist in der Regel ohne Angabe per\u00adso\u00adn\u00aden\u00adbe\u00adzo\u00adgen\u00ader Dat\u00aden m\u00f6glich. Soweit auf unseren Seit\u00aden per\u00adso\u00adn\u00aden\u00adbe\u00adzo\u00adgene Dat\u00aden (beispiel\u00adsweise Name, Anschrift oder E\u2011Mail-Adressen) erhoben wer\u00adden, erfol\u00adgt dies, soweit m\u00f6glich, stets auf frei\u00adwilliger Basis. Diese Dat\u00aden wer\u00adden ohne Ihre aus\u00addr\u00fcck\u00adliche Zus\u00adtim\u00admung nicht an Dritte weitergegeben.<br>\nWir weisen darauf hin, dass die Daten\u00fcber\u00adtra\u00adgung im Inter\u00adnet (z.B. bei der Kom\u00admu\u00adnika\u00adtion per E\u2011Mail) Sicher\u00adheit\u00adsl\u00fcck\u00aden aufweisen kann. Ein l\u00fcck\u00aden\u00adlos\u00ader Schutz der Dat\u00aden vor dem Zugriff durch Dritte ist nicht m\u00f6glich.<br>\nDer Nutzung von im Rah\u00admen der Impres\u00adsum\u00adspflicht ver\u00f6f\u00adfentlicht\u00aden Kon\u00adtak\u00adt\u00addat\u00aden durch Dritte zur \u00dcbersendung von nicht aus\u00addr\u00fcck\u00adlich ange\u00adfordert\u00ader Wer\u00adbung und Infor\u00adma\u00adtion\u00ads\u00adma\u00adte\u00adri\u00adalien wird hier\u00admit aus\u00addr\u00fcck\u00adlich wider\u00adsprochen. Die Betreiber der Seit\u00aden behal\u00adten sich aus\u00addr\u00fcck\u00adlich rechtliche Schritte im Falle der unver\u00adlangten Zusendung von Wer\u00adbe\u00adin\u00adfor\u00adma\u00adtio\u00adnen, etwa durch Spam-Mails, vor.<\/p>\n<p><em>Quel\u00adlver\u00adweis: <\/em><a href=\"https:\/\/www.e-recht24.de\/muster-disclaimer.html\" target=\"_blank\" rel=\"noopener noreferrer\">Dis\u00adclaimer eRecht24<\/a><\/p>\n","protected":false},"excerpt":{"rendered":"<p>Daten\u00adschutzverord\u00adnung Bild\u00adnach\u00adweise projekt-mida.de ist die Home\u00adpage des DFG-Langfristvorhabens Das mod\u00aderne Indi\u00aden in deutschen Archiv\u00aden 1706\u20131989 \/ Cen\u00adtre for Mod\u00adern Indi\u00adan Stud\u00adies, Georg-August-Uni\u00adver\u00adsit\u00e4t G\u00f6t\u00adtin\u00adgen. Anbi\u00adeter Cen\u00adtre for Mod\u00adern Indi\u00adan Stud\u00adies Georg-August-Uni\u00adver\u00adsit\u00e4t G\u00f6t\u00adtin\u00adgen Wald\u00adweg&nbsp;26 37073 G\u00f6t\u00adtin\u00adgen Die Georg-August-Uni\u00adver\u00adsit\u00e4t G\u00f6t\u00adtin\u00adgen ist eine K\u00f6r\u00adper\u00adschaft des \u00f6ffentlichen Rechts. Sie wird durch den Pr\u00e4si\u00adden\u00adten Prof. Dr. Axel Sch\u00f6lmerich geset\u00adzlich vertreten. Zust\u00e4ndige&nbsp;[\u2026]<\/p>\n","protected":false},"author":1,"featured_media":0,"parent":0,"menu_order":0,"comment_status":"closed","ping_status":"closed","template":"","meta":{"_acf_changed":false,"wp_typography_post_enhancements_disabled":false,"footnotes":""},"class_list":["post-513","page","type-page","status-publish","hentry"],"acf":[],"yoast_head":"<!-- This site is optimized with the Yoast SEO plugin v27.3 - https:\/\/yoast.com\/product\/yoast-seo-wordpress\/ -->\n<title>Impressum - MIDA<\/title>\n<meta name=\"robots\" content=\"index, follow, max-snippet:-1, max-image-preview:large, max-video-preview:-1\" \/>\n<link rel=\"canonical\" href=\"https:\/\/www.projekt-mida.de\/en\/impressum\/\" \/>\n<meta property=\"og:locale\" content=\"en_US\" \/>\n<meta property=\"og:type\" content=\"article\" \/>\n<meta property=\"og:title\" content=\"Impressum - MIDA\" \/>\n<meta property=\"og:description\" content=\"Datenschutzverordnung Bildnachweise projekt-mida.de ist die Home\u00adpage des DFG-Langfristvorhabens Das mod\u00aderne Indi\u00aden in deutschen Archiv\u00aden 1706\u20131989 \/ Cen\u00adtre for Mod\u00adern Indi\u00adan Stud\u00adies, Georg-August-Uni\u00adver\u00adsit\u00e4t G\u00f6ttingen. Anbi\u00adeter Cen\u00adtre for Mod\u00adern Indi\u00adan Studies Georg-August-Uni\u00adver\u00adsit\u00e4t G\u00f6ttingen Wald\u00adweg&nbsp;26 37073 G\u00f6ttingen Die Georg-August-Uni\u00adver\u00adsit\u00e4t G\u00f6t\u00adtin\u00adgen ist eine K\u00f6r\u00adper\u00adschaft des \u00f6ffentlichen Rechts. Sie wird durch den Pr\u00e4si\u00adden\u00adten Prof. Dr. Axel Sch\u00f6lmerich geset\u00adzlich vertreten. Zust\u00e4ndi\u00adge [&hellip;]\" \/>\n<meta property=\"og:url\" content=\"https:\/\/www.projekt-mida.de\/en\/impressum\/\" \/>\n<meta property=\"og:site_name\" content=\"MIDA\" \/>\n<meta property=\"article:modified_time\" content=\"2025-12-11T09:27:23+00:00\" \/>\n<meta name=\"twitter:card\" content=\"summary_large_image\" \/>\n<meta name=\"twitter:label1\" content=\"Est. reading time\" \/>\n\t<meta name=\"twitter:data1\" content=\"4 minutes\" \/>\n<script type=\"application\/ld+json\" class=\"yoast-schema-graph\">{\"@context\":\"https:\\\/\\\/schema.org\",\"@graph\":[{\"@type\":\"WebPage\",\"@id\":\"https:\\\/\\\/www.projekt-mida.de\\\/en\\\/impressum\\\/\",\"url\":\"https:\\\/\\\/www.projekt-mida.de\\\/en\\\/impressum\\\/\",\"name\":\"Impressum - MIDA\",\"isPartOf\":{\"@id\":\"https:\\\/\\\/www.projekt-mida.de\\\/en\\\/#website\"},\"datePublished\":\"2017-01-11T07:10:44+00:00\",\"dateModified\":\"2025-12-11T09:27:23+00:00\",\"breadcrumb\":{\"@id\":\"https:\\\/\\\/www.projekt-mida.de\\\/en\\\/impressum\\\/#breadcrumb\"},\"inLanguage\":\"en-US\",\"potentialAction\":[{\"@type\":\"ReadAction\",\"target\":[\"https:\\\/\\\/www.projekt-mida.de\\\/en\\\/impressum\\\/\"]}]},{\"@type\":\"BreadcrumbList\",\"@id\":\"https:\\\/\\\/www.projekt-mida.de\\\/en\\\/impressum\\\/#breadcrumb\",\"itemListElement\":[{\"@type\":\"ListItem\",\"position\":1,\"name\":\"Startseite\",\"item\":\"https:\\\/\\\/www.projekt-mida.de\\\/en\\\/\"},{\"@type\":\"ListItem\",\"position\":2,\"name\":\"Impressum\"}]},{\"@type\":\"WebSite\",\"@id\":\"https:\\\/\\\/www.projekt-mida.de\\\/en\\\/#website\",\"url\":\"https:\\\/\\\/www.projekt-mida.de\\\/en\\\/\",\"name\":\"MIDA\",\"description\":\"Das moderne Indien in deutschen Archiven 1706-1989\",\"publisher\":{\"@id\":\"https:\\\/\\\/www.projekt-mida.de\\\/en\\\/#organization\"},\"potentialAction\":[{\"@type\":\"SearchAction\",\"target\":{\"@type\":\"EntryPoint\",\"urlTemplate\":\"https:\\\/\\\/www.projekt-mida.de\\\/en\\\/?s={search_term_string}\"},\"query-input\":{\"@type\":\"PropertyValueSpecification\",\"valueRequired\":true,\"valueName\":\"search_term_string\"}}],\"inLanguage\":\"en-US\"},{\"@type\":\"Organization\",\"@id\":\"https:\\\/\\\/www.projekt-mida.de\\\/en\\\/#organization\",\"name\":\"MIDA - Das Moderne Indien in Deutschen Archiven 1706-1989\",\"url\":\"https:\\\/\\\/www.projekt-mida.de\\\/en\\\/\",\"logo\":{\"@type\":\"ImageObject\",\"inLanguage\":\"en-US\",\"@id\":\"https:\\\/\\\/www.projekt-mida.de\\\/en\\\/#\\\/schema\\\/logo\\\/image\\\/\",\"url\":\"https:\\\/\\\/www.projekt-mida.de\\\/wp-content\\\/uploads\\\/2016\\\/05\\\/cropped-midalogo.jpg\",\"contentUrl\":\"https:\\\/\\\/www.projekt-mida.de\\\/wp-content\\\/uploads\\\/2016\\\/05\\\/cropped-midalogo.jpg\",\"width\":1480,\"height\":397,\"caption\":\"MIDA - Das Moderne Indien in Deutschen Archiven 1706-1989\"},\"image\":{\"@id\":\"https:\\\/\\\/www.projekt-mida.de\\\/en\\\/#\\\/schema\\\/logo\\\/image\\\/\"}}]}<\/script>\n<!-- \/ Yoast SEO plugin. -->","yoast_head_json":{"title":"Impressum - MIDA","robots":{"index":"index","follow":"follow","max-snippet":"max-snippet:-1","max-image-preview":"max-image-preview:large","max-video-preview":"max-video-preview:-1"},"canonical":"https:\/\/www.projekt-mida.de\/en\/impressum\/","og_locale":"en_US","og_type":"article","og_title":"Impressum - MIDA","og_description":"Datenschutzverordnung Bildnachweise projekt-mida.de ist die Home\u00adpage des DFG-Langfristvorhabens Das mod\u00aderne Indi\u00aden in deutschen Archiv\u00aden 1706\u20131989 \/ Cen\u00adtre for Mod\u00adern Indi\u00adan Stud\u00adies, Georg-August-Uni\u00adver\u00adsit\u00e4t G\u00f6ttingen. Anbi\u00adeter Cen\u00adtre for Mod\u00adern Indi\u00adan Studies Georg-August-Uni\u00adver\u00adsit\u00e4t G\u00f6ttingen Wald\u00adweg&nbsp;26 37073 G\u00f6ttingen Die Georg-August-Uni\u00adver\u00adsit\u00e4t G\u00f6t\u00adtin\u00adgen ist eine K\u00f6r\u00adper\u00adschaft des \u00f6ffentlichen Rechts. Sie wird durch den Pr\u00e4si\u00adden\u00adten Prof. Dr. Axel Sch\u00f6lmerich geset\u00adzlich vertreten. Zust\u00e4ndi\u00adge [&hellip;]","og_url":"https:\/\/www.projekt-mida.de\/en\/impressum\/","og_site_name":"MIDA","article_modified_time":"2025-12-11T09:27:23+00:00","twitter_card":"summary_large_image","twitter_misc":{"Est. reading time":"4 minutes"},"schema":{"@context":"https:\/\/schema.org","@graph":[{"@type":"WebPage","@id":"https:\/\/www.projekt-mida.de\/en\/impressum\/","url":"https:\/\/www.projekt-mida.de\/en\/impressum\/","name":"Impressum - MIDA","isPartOf":{"@id":"https:\/\/www.projekt-mida.de\/en\/#website"},"datePublished":"2017-01-11T07:10:44+00:00","dateModified":"2025-12-11T09:27:23+00:00","breadcrumb":{"@id":"https:\/\/www.projekt-mida.de\/en\/impressum\/#breadcrumb"},"inLanguage":"en-US","potentialAction":[{"@type":"ReadAction","target":["https:\/\/www.projekt-mida.de\/en\/impressum\/"]}]},{"@type":"BreadcrumbList","@id":"https:\/\/www.projekt-mida.de\/en\/impressum\/#breadcrumb","itemListElement":[{"@type":"ListItem","position":1,"name":"Startseite","item":"https:\/\/www.projekt-mida.de\/en\/"},{"@type":"ListItem","position":2,"name":"Impressum"}]},{"@type":"WebSite","@id":"https:\/\/www.projekt-mida.de\/en\/#website","url":"https:\/\/www.projekt-mida.de\/en\/","name":"MIDA","description":"Das moderne Indien in deutschen Archiven 1706-1989","publisher":{"@id":"https:\/\/www.projekt-mida.de\/en\/#organization"},"potentialAction":[{"@type":"SearchAction","target":{"@type":"EntryPoint","urlTemplate":"https:\/\/www.projekt-mida.de\/en\/?s={search_term_string}"},"query-input":{"@type":"PropertyValueSpecification","valueRequired":true,"valueName":"search_term_string"}}],"inLanguage":"en-US"},{"@type":"Organization","@id":"https:\/\/www.projekt-mida.de\/en\/#organization","name":"MIDA - Das Moderne Indien in Deutschen Archiven 1706-1989","url":"https:\/\/www.projekt-mida.de\/en\/","logo":{"@type":"ImageObject","inLanguage":"en-US","@id":"https:\/\/www.projekt-mida.de\/en\/#\/schema\/logo\/image\/","url":"https:\/\/www.projekt-mida.de\/wp-content\/uploads\/2016\/05\/cropped-midalogo.jpg","contentUrl":"https:\/\/www.projekt-mida.de\/wp-content\/uploads\/2016\/05\/cropped-midalogo.jpg","width":1480,"height":397,"caption":"MIDA - Das Moderne Indien in Deutschen Archiven 1706-1989"},"image":{"@id":"https:\/\/www.projekt-mida.de\/en\/#\/schema\/logo\/image\/"}}]}},"guten_post_layout_featured_media_urls":{"full":false,"thumbnail":false,"medium":false,"medium_large":false,"large":false,"1536x1536":false,"2048x2048":false,"guten_post_layout_landscape_large":false,"guten_post_layout_portrait_large":false,"guten_post_layout_square_large":false,"guten_post_layout_landscape":false,"guten_post_layout_portrait":false,"guten_post_layout_square":false,"post-thumbnail":false,"evolve-plus-post-thumbnail":false,"evolve-plus-slider-thumbnail":false,"evolve-plus-tabs-img":false,"evolve-plus-testimonial-avatar":false,"evolve-plus-related-img":false,"evolve-plus-portfolio-square":false,"evolve-plus-portfolio-small":false,"evolve-plus-portfolio-medium":false,"evolve-plus-portfolio-img":false},"jetpack_sharing_enabled":true,"_links":{"self":[{"href":"https:\/\/www.projekt-mida.de\/en\/wp-json\/wp\/v2\/pages\/513","targetHints":{"allow":["GET"]}}],"collection":[{"href":"https:\/\/www.projekt-mida.de\/en\/wp-json\/wp\/v2\/pages"}],"about":[{"href":"https:\/\/www.projekt-mida.de\/en\/wp-json\/wp\/v2\/types\/page"}],"author":[{"embeddable":true,"href":"https:\/\/www.projekt-mida.de\/en\/wp-json\/wp\/v2\/users\/1"}],"replies":[{"embeddable":true,"href":"https:\/\/www.projekt-mida.de\/en\/wp-json\/wp\/v2\/comments?post=513"}],"version-history":[{"count":2,"href":"https:\/\/www.projekt-mida.de\/en\/wp-json\/wp\/v2\/pages\/513\/revisions"}],"predecessor-version":[{"id":4869,"href":"https:\/\/www.projekt-mida.de\/en\/wp-json\/wp\/v2\/pages\/513\/revisions\/4869"}],"wp:attachment":[{"href":"https:\/\/www.projekt-mida.de\/en\/wp-json\/wp\/v2\/media?parent=513"}],"curies":[{"name":"wp","href":"https:\/\/api.w.org\/{rel}","templated":true}]}}